{"id":14038,"date":"2020-07-09T21:50:13","date_gmt":"2020-07-09T19:50:13","guid":{"rendered":"https:\/\/www.cognac.fr\/?page_id=14038"},"modified":"2021-06-25T15:56:43","modified_gmt":"2021-06-25T13:56:43","slug":"moderate","status":"publish","type":"page","link":"https:\/\/www.cognac.fr\/en\/tasting\/moderate\/","title":{"rendered":"The Cognac sector committed to responsible consumption"},"content":{"rendered":"[vc_section full_width_section=&#8221;non&#8221;][vc_row full_width_row=&#8221;non&#8221; equal_height=&#8221;yes&#8221; css=&#8221;.vc_custom_1566883967730{margin-top: 0px !important;border-top-width: 0px !important;padding-top: 0px !important;background-position: center !important;background-repeat: no-repeat !important;background-size: cover !important;}&#8221;][vc_column width=&#8221;1\/6&#8243; css=&#8221;.vc_custom_1593694053425{background-position: center !important;background-repeat: no-repeat !important;background-size: cover !important;}&#8221;][\/vc_column][vc_column width=&#8221;2\/3&#8243;][vc_empty_space height=&#8221;30px&#8221;][vc_row_inner][vc_column_inner]<div class=\"vc-cognac-titreformate\"><h2 class=\"tf3\" style=\"text-align: center;\">The Cognac sector committed<\/h2><div class=\"vc-cognac-titreformate-description\"><span>to responsible consumption<\/span><\/div><\/div><br style=\"clear: both;\"\/>[\/vc_column_inner][\/vc_row_inner][vc_empty_space height=&#8221;60px&#8221;][vc_column_text full_width_text=&#8221;non&#8221; css=&#8221;.vc_custom_1594911551818{padding-bottom: 0px !important;}&#8221;]\n<div style=\"text-align: left;\"><\/div>\n<div style=\"text-align: left;\">\n<p><span style=\"font-weight: 400;\">The Cognac Sector has made a commitment to promoting responsible consumption by joining the French association &#8220;Pr\u00e9vention &amp; Mod\u00e9ration&#8221;, together with 20 firms in the alcoholic beverages sector in mainland France, R\u00e9union Island, and in New Caledonia. <\/span><\/p>\n<p style=\"text-align: center;\"><strong><em>Find advice and recommendations, as well as calculating your consumption:<\/em><\/strong><\/p>\n<\/div>\n[\/vc_column_text][vc_empty_space height=&#8221;20px&#8221;][vc_row_inner][vc_column_inner width=&#8221;1\/2&#8243;]<div class=\"vc-cognac-btn-wrap btn-centre\"><div class=\"vc-cognac-btn-content\"><div class=\"vc-cognac-btn-content-content\"><span class=\"knowMore\"><a href=\"https:\/\/www.info-calories-alcool.org\" target=\" _blank\" rel=\"\"><span class=\"knowMoreMask\"><\/span><span class=\"knowMoreLink\">info-calories-alcool.org<\/span><\/a><\/span><\/div><\/div><\/div>[\/vc_column_inner][vc_column_inner width=&#8221;1\/2&#8243;]<div class=\"vc-cognac-btn-wrap btn-centre\"><div class=\"vc-cognac-btn-content\"><div class=\"vc-cognac-btn-content-content\"><span class=\"knowMore\"><a href=\"https:\/\/www.responsibledrinking.eu\" target=\" _blank\" rel=\"\"><span class=\"knowMoreMask\"><\/span><span class=\"knowMoreLink\">responsibledrinking.eu<\/span><\/a><\/span><\/div><\/div><\/div>[\/vc_column_inner][\/vc_row_inner][\/vc_column][vc_column width=&#8221;1\/6&#8243;][\/vc_column][\/vc_row][vc_row][vc_column offset=&#8221;vc_hidden-xs&#8221;][vc_empty_space height=&#8221;80px&#8221;][\/vc_column][\/vc_row][vc_row full_width_row=&#8221;non&#8221; equal_height=&#8221;yes&#8221; css=&#8221;.vc_custom_1566883967730{margin-top: 0px !important;border-top-width: 0px !important;padding-top: 0px !important;background-position: center !important;background-repeat: no-repeat !important;background-size: cover !important;}&#8221;][vc_column width=&#8221;1\/2&#8243; css=&#8221;.vc_custom_1593694920296{background-image: url(https:\/\/www.cognac.fr\/wp-content\/uploads\/station-viticole-cognac.2.jpg?id=11789) !important;background-position: center !important;background-repeat: no-repeat !important;background-size: cover !important;}&#8221;][\/vc_column][vc_column width=&#8221;1\/2&#8243;][vc_row_inner][vc_column_inner]<div class=\"vc-cognac-titreformate\"><h2 class=\"tf3\" style=\"text-align: center;\">Cognac is a wine spirit covered<\/h2><div class=\"vc-cognac-titreformate-description\"><span>by a Controlled Appellation of Origin<\/span><\/div><\/div><br style=\"clear: both;\"\/>[\/vc_column_inner][\/vc_row_inner][vc_column_text full_width_text=&#8221;non&#8221;]<span style=\"font-weight: 400;\">Cognac is a wine spirit covered by a Controlled Appellation of Origin, produced from white grapes exclusively grown in the Cognac delimited area. These grapes are fermented into wine, which is then distilled in traditional <\/span><i><span style=\"font-weight: 400;\">Charentais<\/span><\/i><span style=\"font-weight: 400;\"> pot stills. <\/span><\/p>\n<p><span style=\"font-weight: 400;\">The wine spirit thus obtained is aged in oak containers for a minimum of two years. Wine spirits must have a minimum alcohol degree by volume of 40% to be eligible for selling to consumers.<\/span>[\/vc_column_text][\/vc_column][\/vc_row][vc_row full_width_row=&#8221;non&#8221; equal_height=&#8221;yes&#8221; css=&#8221;.vc_custom_1566883967730{margin-top: 0px !important;border-top-width: 0px !important;padding-top: 0px !important;background-position: center !important;background-repeat: no-repeat !important;background-size: cover !important;}&#8221;][vc_column width=&#8221;1\/6&#8243; css=&#8221;.vc_custom_1593694053425{background-position: center !important;background-repeat: no-repeat !important;background-size: cover !important;}&#8221;][\/vc_column][vc_column width=&#8221;2\/3&#8243;][vc_empty_space height=&#8221;60px&#8221;][vc_column_text full_width_text=&#8221;non&#8221; css=&#8221;.vc_custom_1594909776346{padding-bottom: 0px !important;}&#8221;]\n<p style=\"text-align: center;\"><strong><em>The Cognac production and elaboration conditions are strictly defined and codified in French decree 2015-10 of 7 January 2015 and French order of 27 July 2003.<\/em><\/strong><\/p>\n<p style=\"text-align: center;\"><em><strong><span style=\"font-weight: 400;\">To find out more about the rules on Cognac production and elaboration : <\/span><\/strong><\/em><\/p>\n[\/vc_column_text][vc_empty_space height=&#8221;20px&#8221;]<div class=\"vc-cognac-btn-wrap btn-centre\"><div class=\"vc-cognac-btn-content\"><div class=\"vc-cognac-btn-content-content\"><span class=\"knowMore\"><a href=\"https:\/\/p9d8a6h2.stackpathcdn.com\/wp-content\/uploads\/Cognac_product_specification_controlled_appellation_of_origin.pdf\" target=\" _blank\" rel=\"\"><span class=\"knowMoreMask\"><\/span><span class=\"knowMoreLink\">Rules on Cognac production and elaboration<\/span><\/a><\/span><\/div><\/div><\/div>[\/vc_column][vc_column width=&#8221;1\/6&#8243;][\/vc_column][\/vc_row][vc_row][vc_column offset=&#8221;vc_hidden-xs&#8221;][vc_empty_space height=&#8221;80px&#8221;][\/vc_column][\/vc_row][vc_row full_width_row=&#8221;non&#8221; equal_height=&#8221;yes&#8221; css=&#8221;.vc_custom_1566883967730{margin-top: 0px !important;border-top-width: 0px !important;padding-top: 0px !important;background-position: center !important;background-repeat: no-repeat !important;background-size: cover !important;}&#8221;][vc_column width=&#8221;1\/2&#8243;][vc_row_inner][vc_column_inner]<div class=\"vc-cognac-titreformate\"><h2 class=\"tf3\" style=\"text-align: center;\">Indicative<\/h2><div class=\"vc-cognac-titreformate-description\"><span>ingredients list<\/span><\/div><\/div><br style=\"clear: both;\"\/>[\/vc_column_inner][\/vc_row_inner][vc_column_text]<span style=\"font-weight: 400;\">Cognac may include the following ingredients (this list is indicative):\u00a0<\/span><\/p>\n<ul>\n<li style=\"font-weight: 400;\"><span style=\"font-weight: 400;\">Distilled wine<\/span><\/li>\n<li style=\"font-weight: 400;\"><span style=\"font-weight: 400;\">Water (if used)<\/span><\/li>\n<li style=\"font-weight: 400;\"><span style=\"font-weight: 400;\">Sugar (if used)<\/span><\/li>\n<li style=\"font-weight: 400;\"><span style=\"font-weight: 400;\">Colour: plain caramel (if used)<\/span><\/li>\n<\/ul>\n<p><span style=\"font-weight: 400;\">The aromatization of Cognac is prohibited.<br \/>\n<\/span><span style=\"font-weight: 400;\">The addition of caramel, sugar and the use of traditional methods are possible.<\/span>[\/vc_column_text][\/vc_column][vc_column width=&#8221;1\/2&#8243; css=&#8221;.vc_custom_1594113825315{background-image: url(https:\/\/www.cognac.fr\/wp-content\/uploads\/BNIC_Copyright-\u00a9-BNIC-St\u00e9phane-Charbeau.jpg?id=14265) !important;background-position: center !important;background-repeat: no-repeat !important;background-size: cover !important;}&#8221;][\/vc_column][\/vc_row][vc_row][vc_column offset=&#8221;vc_hidden-xs&#8221;][vc_empty_space height=&#8221;80px&#8221;][\/vc_column][\/vc_row][vc_row css=&#8221;.vc_custom_1593690512664{background-color: #fef2e3 !important;}&#8221;][vc_column][vc_row_inner][vc_column_inner width=&#8221;1\/4&#8243;][vc_column_text full_width_text=&#8221;non&#8221;]\n<div>\n<div style=\"text-align: center;\">\n<h4><span class=\"color-rouge\"><b>TYPICAL NUTRITIONAL VALUE<br \/>\nOF COGNAC AT 40% VOL.<\/b><\/span><\/h4>\n<p>&nbsp;<\/p>\n<\/div>\n<\/div>\n<p style=\"text-align: center;\"><img loading=\"lazy\" decoding=\"async\" class=\"alignnone size-full wp-image-14230\" src=\"https:\/\/www.cognac.fr\/wp-content\/uploads\/deguster-4x.png\" alt=\"\" width=\"66\" height=\"117\" \/><br \/>\n<span style=\"font-weight: 400;\">Calories for a standard serving of 30 ml<\/span><br \/>\n<strong>67 Kcal<\/strong><\/p>\n[\/vc_column_text][\/vc_column_inner][vc_column_inner width=&#8221;3\/4&#8243;][vc_column_text]\n<table class=\" aligncenter\" style=\"height: 130px; width: 600px;\" cellspacing=\"2\" cellpadding=\"10\">\n<tbody>\n<tr style=\"height: 40px; background-color: #b43c26;\">\n<td style=\"height: 40px; width: 150px; vertical-align: middle;\"><strong><span style=\"background-color: #b43c26; color: #ffffff;\">Cognac 40% vol.<\/span><\/strong><\/td>\n<td style=\"height: 19px; width: 105px; vertical-align: middle;\"><strong><span style=\"background-color: #b43c26; color: #ffffff;\">30 ml<\/span><\/strong><\/td>\n<td style=\"height: 19px; width: 120px; background-color: #b43c26; vertical-align: middle;\"><strong><span style=\"background-color: #b43c26; color: #ffffff;\">100 ml<\/span><\/strong><\/td>\n<\/tr>\n<tr style=\"height: 25px; background-color: #fff;\">\n<td style=\"height: 25px; width: 117px;\"><strong>Energy<\/strong><\/td>\n<td style=\"height: 19px; width: 89px;\">67 kcal\/280 kJ<\/td>\n<td style=\"height: 19px; width: 103px;\">225 kcal \/ 932 kJ<\/td>\n<\/tr>\n<tr style=\"height: 27px; background-color: #fef2e3;\">\n<td style=\"height: 27px; width: 117px;\"><span style=\"background-color: #fef2e3;\"><strong>Fat (g)<\/strong><\/span><\/td>\n<td style=\"height: 19px; width: 89px;\"><span style=\"background-color: #fef2e3;\">0<\/span><\/td>\n<td style=\"height: 19px; width: 103px;\"><span style=\"background-color: #fef2e3;\">0<\/span><\/td>\n<\/tr>\n<tr style=\"height: 27px; background-color: #fff;\">\n<td style=\"height: 27px; width: 117px;\"><strong>Carbohydrate (g)<\/strong><\/td>\n<td style=\"height: 19px; width: 89px;\">0.3<\/td>\n<td style=\"height: 19px; width: 103px;\">1.0<\/td>\n<\/tr>\n<tr style=\"height: 27px; background-color: #fef2e3;\">\n<td style=\"height: 27px; width: 117px;\"><strong>Protein (g)<\/strong><\/td>\n<td style=\"height: 19px; width: 89px;\">0<\/td>\n<td style=\"height: 19px; width: 103px;\">0<\/td>\n<\/tr>\n<tr style=\"height: 27px; background-color: #fff;\">\n<td style=\"height: 27px; width: 117px;\"><strong>Salt (g)<\/strong><\/td>\n<td style=\"height: 19px; width: 89px;\">0<\/td>\n<td style=\"height: 19px; width: 103px;\">0<\/td>\n<\/tr>\n<\/tbody>\n<\/table>\n[\/vc_column_text][vc_empty_space][\/vc_column_inner][\/vc_row_inner][\/vc_column][\/vc_row][vc_row][vc_column width=&#8221;1\/6&#8243; offset=&#8221;vc_hidden-xs&#8221;][\/vc_column][vc_column width=&#8221;2\/3&#8243;][vc_empty_space height=&#8221;100px&#8221;][\/vc_column][vc_column width=&#8221;1\/6&#8243;][\/vc_column][\/vc_row][\/vc_section]\n","protected":false},"excerpt":{"rendered":"<p>[vc_section full_width_section=&#8221;non&#8221;][vc_row full_width_row=&#8221;non&#8221; equal_height=&#8221;yes&#8221; css=&#8221;.vc_custom_1566883967730{margin-top: 0px !important;border-top-width: 0px !important;padding-top: 0px !important;background-position: center !important;background-repeat: no-repeat !important;background-size: cover !important;}&#8221;][vc_column width=&#8221;1\/6&#8243; css=&#8221;.vc_custom_1593694053425{background-position: center !important;background-repeat: no-repeat !important;background-size: cover !important;}&#8221;][\/vc_column][vc_column width=&#8221;2\/3&#8243;][vc_empty_space height=&#8221;30px&#8221;][vc_row_inner][vc_column_inner][\/vc_column_inner][\/vc_row_inner][vc_empty_space height=&#8221;60px&#8221;][vc_column_text full_width_text=&#8221;non&#8221; css=&#8221;.vc_custom_1594911551818{padding-bottom: 0px !important;}&#8221;] The Cognac Sector has made a commitment to promoting responsible consumption by joining the French association &#8220;Pr\u00e9vention &amp;&hellip;<\/p>\n","protected":false},"author":5,"featured_media":14291,"parent":10553,"menu_order":2,"comment_status":"closed","ping_status":"closed","template":"","meta":{"_acf_changed":false,"wp_mapbox_gl_js_media":[],"footnotes":""},"class_list":["post-14038","page","type-page","status-publish","has-post-thumbnail","hentry"],"acf":{"image_de_fond":false,"description":"<p><span style=\"font-weight: 400;\">Governing your alcohol consumption is essential for yourself, your health and for others. It is important to know your limits and when it is best to refrain from drinking alcohol. <\/span><\/p>\n","video_page":false,"titre":"In terms of alcohol, moderation is the key word.","nom_de_la_page_liee":false,"illustration_couleur":"#115540","illustration_desktop":false,"illustration_mobile":false},"yoast_head":"<!-- This site is optimized with the Yoast SEO plugin v24.7 - https:\/\/yoast.com\/wordpress\/plugins\/seo\/ -->\n<title>The Cognac sector committed to responsible consumption | Cognac<\/title>\n<meta name=\"description\" content=\"In terms of alcohol, moderation is the key word.Governing your alcohol consumption is essential for yourself, your health and for others\" \/>\n<meta name=\"robots\" content=\"index, follow, max-snippet:-1, max-image-preview:large, max-video-preview:-1\" \/>\n<link rel=\"canonical\" href=\"https:\/\/www.cognac.fr\/en\/tasting\/moderate\/\" \/>\n<meta property=\"og:locale\" content=\"en_US\" \/>\n<meta property=\"og:type\" content=\"article\" \/>\n<meta property=\"og:title\" content=\"The Cognac sector committed to responsible consumption | Cognac\" \/>\n<meta property=\"og:description\" content=\"In terms of alcohol, moderation is the key word.Governing your alcohol consumption is essential for yourself, your health and for others\" \/>\n<meta property=\"og:url\" content=\"https:\/\/www.cognac.fr\/en\/tasting\/moderate\/\" \/>\n<meta property=\"og:site_name\" content=\"Cognac\" \/>\n<meta property=\"article:modified_time\" content=\"2021-06-25T13:56:43+00:00\" \/>\n<meta property=\"og:image\" content=\"https:\/\/www.cognac.fr\/wp-content\/uploads\/cocktail-brandy-crusta-moderation-cognac.jpg\" \/>\n\t<meta property=\"og:image:width\" content=\"1285\" \/>\n\t<meta property=\"og:image:height\" content=\"776\" \/>\n\t<meta property=\"og:image:type\" content=\"image\/jpeg\" \/>\n<meta name=\"twitter:card\" content=\"summary_large_image\" \/>\n<meta name=\"twitter:label1\" content=\"Est. reading time\" \/>\n\t<meta name=\"twitter:data1\" content=\"4 minutes\" \/>\n<script type=\"application\/ld+json\" class=\"yoast-schema-graph\">{\"@context\":\"https:\/\/schema.org\",\"@graph\":[{\"@type\":\"WebPage\",\"@id\":\"https:\/\/www.cognac.fr\/en\/tasting\/moderate\/\",\"url\":\"https:\/\/www.cognac.fr\/en\/tasting\/moderate\/\",\"name\":\"The Cognac sector committed to responsible consumption | Cognac\",\"isPartOf\":{\"@id\":\"https:\/\/www.cognac.fr\/#website\"},\"primaryImageOfPage\":{\"@id\":\"https:\/\/www.cognac.fr\/en\/tasting\/moderate\/#primaryimage\"},\"image\":{\"@id\":\"https:\/\/www.cognac.fr\/en\/tasting\/moderate\/#primaryimage\"},\"thumbnailUrl\":\"https:\/\/www.cognac.fr\/wp-content\/uploads\/cocktail-brandy-crusta-moderation-cognac.jpg\",\"datePublished\":\"2020-07-09T19:50:13+00:00\",\"dateModified\":\"2021-06-25T13:56:43+00:00\",\"description\":\"In terms of alcohol, moderation is the key word.Governing your alcohol consumption is essential for yourself, your health and for others\",\"breadcrumb\":{\"@id\":\"https:\/\/www.cognac.fr\/en\/tasting\/moderate\/#breadcrumb\"},\"inLanguage\":\"en-US\",\"potentialAction\":[{\"@type\":\"ReadAction\",\"target\":[\"https:\/\/www.cognac.fr\/en\/tasting\/moderate\/\"]}]},{\"@type\":\"ImageObject\",\"inLanguage\":\"en-US\",\"@id\":\"https:\/\/www.cognac.fr\/en\/tasting\/moderate\/#primaryimage\",\"url\":\"https:\/\/www.cognac.fr\/wp-content\/uploads\/cocktail-brandy-crusta-moderation-cognac.jpg\",\"contentUrl\":\"https:\/\/www.cognac.fr\/wp-content\/uploads\/cocktail-brandy-crusta-moderation-cognac.jpg\",\"width\":1285,\"height\":776},{\"@type\":\"BreadcrumbList\",\"@id\":\"https:\/\/www.cognac.fr\/en\/tasting\/moderate\/#breadcrumb\",\"itemListElement\":[{\"@type\":\"ListItem\",\"position\":1,\"name\":\"home\",\"item\":\"https:\/\/www.cognac.fr\/en\/\"},{\"@type\":\"ListItem\",\"position\":2,\"name\":\"Tasting\",\"item\":\"https:\/\/www.cognac.fr\/en\/tasting\/\"},{\"@type\":\"ListItem\",\"position\":3,\"name\":\"The Cognac sector committed to responsible consumption\"}]},{\"@type\":\"WebSite\",\"@id\":\"https:\/\/www.cognac.fr\/#website\",\"url\":\"https:\/\/www.cognac.fr\/\",\"name\":\"Cognac\",\"description\":\"Cognac.fr - Le site officiel de la fili\u00e8re Cognac (BNIC)\",\"publisher\":{\"@id\":\"https:\/\/www.cognac.fr\/#organization\"},\"potentialAction\":[{\"@type\":\"SearchAction\",\"target\":{\"@type\":\"EntryPoint\",\"urlTemplate\":\"https:\/\/www.cognac.fr\/?s={search_term_string}\"},\"query-input\":{\"@type\":\"PropertyValueSpecification\",\"valueRequired\":true,\"valueName\":\"search_term_string\"}}],\"inLanguage\":\"en-US\"},{\"@type\":\"Organization\",\"@id\":\"https:\/\/www.cognac.fr\/#organization\",\"name\":\"Cognac\",\"url\":\"https:\/\/www.cognac.fr\/\",\"logo\":{\"@type\":\"ImageObject\",\"inLanguage\":\"en-US\",\"@id\":\"https:\/\/www.cognac.fr\/#\/schema\/logo\/image\/\",\"url\":\"https:\/\/www.cognac.fr\/wp-content\/uploads\/cognac-logo.jpg\",\"contentUrl\":\"https:\/\/www.cognac.fr\/wp-content\/uploads\/cognac-logo.jpg\",\"width\":200,\"height\":200,\"caption\":\"Cognac\"},\"image\":{\"@id\":\"https:\/\/www.cognac.fr\/#\/schema\/logo\/image\/\"}}]}<\/script>\n<!-- \/ Yoast SEO plugin. -->","yoast_head_json":{"title":"The Cognac sector committed to responsible consumption | Cognac","description":"In terms of alcohol, moderation is the key word.Governing your alcohol consumption is essential for yourself, your health and for others","robots":{"index":"index","follow":"follow","max-snippet":"max-snippet:-1","max-image-preview":"max-image-preview:large","max-video-preview":"max-video-preview:-1"},"canonical":"https:\/\/www.cognac.fr\/en\/tasting\/moderate\/","og_locale":"en_US","og_type":"article","og_title":"The Cognac sector committed to responsible consumption | Cognac","og_description":"In terms of alcohol, moderation is the key word.Governing your alcohol consumption is essential for yourself, your health and for others","og_url":"https:\/\/www.cognac.fr\/en\/tasting\/moderate\/","og_site_name":"Cognac","article_modified_time":"2021-06-25T13:56:43+00:00","og_image":[{"width":1285,"height":776,"url":"https:\/\/www.cognac.fr\/wp-content\/uploads\/cocktail-brandy-crusta-moderation-cognac.jpg","type":"image\/jpeg"}],"twitter_card":"summary_large_image","twitter_misc":{"Est. reading time":"4 minutes"},"schema":{"@context":"https:\/\/schema.org","@graph":[{"@type":"WebPage","@id":"https:\/\/www.cognac.fr\/en\/tasting\/moderate\/","url":"https:\/\/www.cognac.fr\/en\/tasting\/moderate\/","name":"The Cognac sector committed to responsible consumption | Cognac","isPartOf":{"@id":"https:\/\/www.cognac.fr\/#website"},"primaryImageOfPage":{"@id":"https:\/\/www.cognac.fr\/en\/tasting\/moderate\/#primaryimage"},"image":{"@id":"https:\/\/www.cognac.fr\/en\/tasting\/moderate\/#primaryimage"},"thumbnailUrl":"https:\/\/www.cognac.fr\/wp-content\/uploads\/cocktail-brandy-crusta-moderation-cognac.jpg","datePublished":"2020-07-09T19:50:13+00:00","dateModified":"2021-06-25T13:56:43+00:00","description":"In terms of alcohol, moderation is the key word.Governing your alcohol consumption is essential for yourself, your health and for others","breadcrumb":{"@id":"https:\/\/www.cognac.fr\/en\/tasting\/moderate\/#breadcrumb"},"inLanguage":"en-US","potentialAction":[{"@type":"ReadAction","target":["https:\/\/www.cognac.fr\/en\/tasting\/moderate\/"]}]},{"@type":"ImageObject","inLanguage":"en-US","@id":"https:\/\/www.cognac.fr\/en\/tasting\/moderate\/#primaryimage","url":"https:\/\/www.cognac.fr\/wp-content\/uploads\/cocktail-brandy-crusta-moderation-cognac.jpg","contentUrl":"https:\/\/www.cognac.fr\/wp-content\/uploads\/cocktail-brandy-crusta-moderation-cognac.jpg","width":1285,"height":776},{"@type":"BreadcrumbList","@id":"https:\/\/www.cognac.fr\/en\/tasting\/moderate\/#breadcrumb","itemListElement":[{"@type":"ListItem","position":1,"name":"home","item":"https:\/\/www.cognac.fr\/en\/"},{"@type":"ListItem","position":2,"name":"Tasting","item":"https:\/\/www.cognac.fr\/en\/tasting\/"},{"@type":"ListItem","position":3,"name":"The Cognac sector committed to responsible consumption"}]},{"@type":"WebSite","@id":"https:\/\/www.cognac.fr\/#website","url":"https:\/\/www.cognac.fr\/","name":"Cognac","description":"Cognac.fr - Le site officiel de la fili\u00e8re Cognac (BNIC)","publisher":{"@id":"https:\/\/www.cognac.fr\/#organization"},"potentialAction":[{"@type":"SearchAction","target":{"@type":"EntryPoint","urlTemplate":"https:\/\/www.cognac.fr\/?s={search_term_string}"},"query-input":{"@type":"PropertyValueSpecification","valueRequired":true,"valueName":"search_term_string"}}],"inLanguage":"en-US"},{"@type":"Organization","@id":"https:\/\/www.cognac.fr\/#organization","name":"Cognac","url":"https:\/\/www.cognac.fr\/","logo":{"@type":"ImageObject","inLanguage":"en-US","@id":"https:\/\/www.cognac.fr\/#\/schema\/logo\/image\/","url":"https:\/\/www.cognac.fr\/wp-content\/uploads\/cognac-logo.jpg","contentUrl":"https:\/\/www.cognac.fr\/wp-content\/uploads\/cognac-logo.jpg","width":200,"height":200,"caption":"Cognac"},"image":{"@id":"https:\/\/www.cognac.fr\/#\/schema\/logo\/image\/"}}]}},"_links":{"self":[{"href":"https:\/\/www.cognac.fr\/en\/wp-json\/wp\/v2\/pages\/14038","targetHints":{"allow":["GET"]}}],"collection":[{"href":"https:\/\/www.cognac.fr\/en\/wp-json\/wp\/v2\/pages"}],"about":[{"href":"https:\/\/www.cognac.fr\/en\/wp-json\/wp\/v2\/types\/page"}],"author":[{"embeddable":true,"href":"https:\/\/www.cognac.fr\/en\/wp-json\/wp\/v2\/users\/5"}],"replies":[{"embeddable":true,"href":"https:\/\/www.cognac.fr\/en\/wp-json\/wp\/v2\/comments?post=14038"}],"version-history":[{"count":22,"href":"https:\/\/www.cognac.fr\/en\/wp-json\/wp\/v2\/pages\/14038\/revisions"}],"predecessor-version":[{"id":17240,"href":"https:\/\/www.cognac.fr\/en\/wp-json\/wp\/v2\/pages\/14038\/revisions\/17240"}],"up":[{"embeddable":true,"href":"https:\/\/www.cognac.fr\/en\/wp-json\/wp\/v2\/pages\/10553"}],"wp:featuredmedia":[{"embeddable":true,"href":"https:\/\/www.cognac.fr\/en\/wp-json\/wp\/v2\/media\/14291"}],"wp:attachment":[{"href":"https:\/\/www.cognac.fr\/en\/wp-json\/wp\/v2\/media?parent=14038"}],"curies":[{"name":"wp","href":"https:\/\/api.w.org\/{rel}","templated":true}]}}